{"id":2925,"date":"2020-11-12T20:39:22","date_gmt":"2020-11-12T19:39:22","guid":{"rendered":"http:\/\/pzo.warszawa.pl\/about\/"},"modified":"2021-03-08T17:27:01","modified_gmt":"2021-03-08T16:27:01","slug":"about-us","status":"publish","type":"page","link":"http:\/\/pzo.warszawa.pl\/en\/about-us\/","title":{"rendered":"About us"},"content":{"rendered":"\t\t<div data-elementor-type=\"wp-page\" data-elementor-id=\"2925\" class=\"elementor elementor-2925 elementor-295\">\n\t\t\t\t\t\t<section class=\"elementor-section elementor-top-section elementor-element elementor-element-9ffa007 elementor-section-content-middle elementor-reverse-tablet elementor-reverse-mobile elementor-section-boxed elementor-section-height-default elementor-section-height-default\" data-id=\"9ffa007\" data-element_type=\"section\">\n\t\t\t\t\t\t<div class=\"elementor-container elementor-column-gap-default\">\n\t\t\t\t\t<div class=\"elementor-column elementor-col-50 elementor-top-column elementor-element elementor-element-a1078a7\" data-id=\"a1078a7\" data-element_type=\"column\">\n\t\t\t<div class=\"elementor-widget-wrap elementor-element-populated\">\n\t\t\t\t\t\t<div class=\"elementor-element elementor-element-3041dd2 elementor-widget elementor-widget-image\" data-id=\"3041dd2\" data-element_type=\"widget\" data-widget_type=\"image.default\">\n\t\t\t\t<div class=\"elementor-widget-container\">\n\t\t\t\t\t\t\t\t\t\t\t\t\t<img src=\"http:\/\/pzo.warszawa.pl\/wp-content\/uploads\/elementor\/thumbs\/dan-cristian-padure-iEDbSqqxHyk-unsplash_optimized-p1935t7miymhzp71zkvtwy0r6wu86djlfelq7ltx4w.jpg\" title=\"Optical products\" alt=\"Optical products\" loading=\"lazy\" \/>\t\t\t\t\t\t\t\t\t\t\t\t\t<\/div>\n\t\t\t\t<\/div>\n\t\t\t\t\t<\/div>\n\t\t<\/div>\n\t\t\t\t<div class=\"elementor-column elementor-col-50 elementor-top-column elementor-element elementor-element-074cd79\" data-id=\"074cd79\" data-element_type=\"column\">\n\t\t\t<div class=\"elementor-widget-wrap elementor-element-populated\">\n\t\t\t\t\t\t<div class=\"elementor-element elementor-element-aafa89f elementor-widget elementor-widget-heading\" data-id=\"aafa89f\" data-element_type=\"widget\" data-widget_type=\"heading.default\">\n\t\t\t\t<div class=\"elementor-widget-container\">\n\t\t\t<h2 class=\"elementor-heading-title elementor-size-default\">Briefly about PZO Ltd.<\/h2>\t\t<\/div>\n\t\t\t\t<\/div>\n\t\t\t\t<div class=\"elementor-element elementor-element-043d0e1 elementor-widget elementor-widget-text-editor\" data-id=\"043d0e1\" data-element_type=\"widget\" data-widget_type=\"text-editor.default\">\n\t\t\t\t<div class=\"elementor-widget-container\">\n\t\t\t\t\t\t\tIn 2021, <b style=\"font-weight: 500;\">Polskie Zak\u0142ady Optyczne Ltd.<\/b>, as a continuator of the long <b style=\"font-weight: 500;\">PZO<\/b> tradition, will celebrate 100 years of business.\t\t\t\t\t\t<\/div>\n\t\t\t\t<\/div>\n\t\t\t\t<div class=\"elementor-element elementor-element-98f022a elementor-widget elementor-widget-text-editor\" data-id=\"98f022a\" data-element_type=\"widget\" data-widget_type=\"text-editor.default\">\n\t\t\t\t<div class=\"elementor-widget-container\">\n\t\t\t\t\t\t\t<p>Thanks to many years of experience in manufacturing optical products of the highest quality, we look into the future with optimism.<\/p>\n<p>In recent years <b style=\"font-weight: 500;\">PZO<\/b> has specialized in manufacturing a wide range of military products. We also offer specialized products for the civilian market.<\/p>\n<p>All the time we <a href=\"http:\/\/pzo.warszawa.pl\/en\/services\/\">provide optical and mechanical services<\/a>, as well as service and access to spare parts for our equipment, which is used among others by the Polish Army.<\/p>\n\t\t\t\t\t\t<\/div>\n\t\t\t\t<\/div>\n\t\t\t\t\t<\/div>\n\t\t<\/div>\n\t\t\t\t\t<\/div>\n\t\t<\/section>\n\t\t\t\t<section class=\"elementor-section elementor-top-section elementor-element elementor-element-5ffbcbb5 elementor-section-content-middle elementor-section-boxed elementor-section-height-default elementor-section-height-default\" data-id=\"5ffbcbb5\" data-element_type=\"section\">\n\t\t\t\t\t\t<div class=\"elementor-container elementor-column-gap-default\">\n\t\t\t\t\t<div class=\"elementor-column elementor-col-100 elementor-top-column elementor-element elementor-element-1eef59f5\" data-id=\"1eef59f5\" data-element_type=\"column\">\n\t\t\t<div class=\"elementor-widget-wrap elementor-element-populated\">\n\t\t\t\t\t\t<div class=\"elementor-element elementor-element-423c1a58 elementor-widget elementor-widget-heading\" data-id=\"423c1a58\" data-element_type=\"widget\" data-widget_type=\"heading.default\">\n\t\t\t\t<div class=\"elementor-widget-container\">\n\t\t\t<h2 class=\"elementor-heading-title elementor-size-default\">PZO History<\/h2>\t\t<\/div>\n\t\t\t\t<\/div>\n\t\t\t\t<div class=\"elementor-element elementor-element-360c498c elementor-widget__width-initial elementor-widget elementor-widget-text-editor\" data-id=\"360c498c\" data-element_type=\"widget\" data-widget_type=\"text-editor.default\">\n\t\t\t\t<div class=\"elementor-widget-container\">\n\t\t\t\t\t\t\t<p>The company was founded in 1921 by a group of industrialists: Karol Hercyk (former owner of the optical-mechanical factory in St. Petersburg), Henryk Kolberg (1861-1935) &#8211; (former owner of mines in Russia), Georg Coro (Italian, former director of the Russian-French Joint Stock Company in St. Petersburg) and Kazimierz Mieszczanski (owner of a foundry of non-ferrous metals). The official name of the factory was: <strong style=\"font-weight: 500;\">Fabryka Aparat\u00f3w Optycznych i Precyzyjnych H. Kolberg i Ska<\/strong> after the name of the main shareholder.<\/p>\n\t\t\t\t\t\t<\/div>\n\t\t\t\t<\/div>\n\t\t\t\t<div class=\"elementor-element elementor-element-38dc43b elementor-widget__width-initial elementor-widget elementor-widget-text-editor\" data-id=\"38dc43b\" data-element_type=\"widget\" data-widget_type=\"text-editor.default\">\n\t\t\t\t<div class=\"elementor-widget-container\">\n\t\t\t\t\t\t\t<p>The company was founded in 1921 by a group of industrialists: Karol Hercyk (former owner of the optical-mechanical factory in St. Petersburg), Henryk Kolberg (1861-1935) &#8211; (former owner of mines in Russia), Georg Coro (Italian, former director of the Russian-French Joint Stock Company in St. Petersburg) and Kazimierz Mieszczanski (owner of a foundry of non-ferrous metals). The official name of the factory was: <strong style=\"font-weight: 500;\">Fabryka Aparat\u00f3w Optycznych i Precyzyjnych H. Kolberg i Ska<\/strong> after the name of the main shareholder.<\/p>\n<p>The company&#8217;s first headquarters were located in Warsaw at 119 Leszno Street, in the premises of K. Mieszcza\u0144ski&#8217;s foundry. The start-up of the factory took place in March 1922. Military orders had a decisive influence on the rapid development of the company. In 1923 a 3-storey building at 316 Grochowska Street was purchased, and <strong style=\"font-weight: 500;\">PZO<\/strong> has been located there until now.<\/p>\n<p>\tIn 1930, due to the losses incurred in financial operations, Henryk Kolberg had to sell his shares in the company. The shares were bought by French companies: Zak\u0142ady Krauss, Zak\u0142ady OPL (Optique et Precision de la Vaolis), Zak\u0142ady Barbier, Bernard et Turenne. The factory changed its name to <q><strong style=\"font-weight: 500;\">Polskie Zak\u0142ady Optyczne<\/strong><\/q>.<\/p>\n<p>At that time, the company established its trademark in the form of an arrangement of two lenses with the words <q><strong style=\"font-weight: 500;\">PZO WARSZAWA<\/strong><\/q> written on them. The production of PZO was expanding. The number of employees was increasing. The company employs the best craftsmen. The company with its products was successful both on the national and international market.<\/p>\n<p>By 1980 PZO gradually transformed into a multi-plant company, manufacturing a wide range of precision and optical products. In 1995, the state-owned company Polskie Zak\u0142ady Optyczne was transformed into <strong style=\"font-weight: 500;\">PZO S.A.<\/strong> (joint stock company), began its existence in the free-market economy as a commercial company.<\/p>\n<p>Since the end of 2003 the main shareholder of PZO S.A. has been \u201eZachodni Fundusz Inwestycyjny NFI S.A.\u201d.  PZO S.A. implements the strategy worked out by the Management Board, in cooperation with the Company&#8217;s broad management, aiming to outline the Company&#8217;s development in the 21st century. At the same time, the process of deep restructuring is being continued. One of the stages of the restructuring was establishing in 2004 a new company <strong style=\"font-weight: 500;\">PZO Ltd.<\/strong> to which the production of optical products for the army and armament plants in Poland and abroad was transferred.<\/p>\n<p>Since 2020, PZO has been part of <strong style=\"font-weight: 500;\"><a title=\"Link opens in new tab\/window.\" href=\"http:\/\/pagacz.com.pl\" target=\"_blank\" rel=\"nofollow noopener\">Pagacz Defence Group<\/a><\/strong>, expanding its scope of competence to include optical products.<\/p>\n<p>In 2021, a gradual resumption of production of products for military purposes is planned, with simultaneous introduction of modifications adjusting the manufactured products to the contemporary requirements of domestic and foreign users.<\/p>\n\t\t\t\t\t\t<\/div>\n\t\t\t\t<\/div>\n\t\t\t\t\t<\/div>\n\t\t<\/div>\n\t\t\t\t\t<\/div>\n\t\t<\/section>\n\t\t\t\t<\/div>\n\t\t","protected":false},"excerpt":{"rendered":"<p>Briefly about PZO Ltd. In 2021, Polskie Zak\u0142ady Optyczne Ltd., as a continuator of the long PZO tradition, will celebrate 100 years of business. Thanks to many years of experience in manufacturing optical products of the highest quality, we look into the future with optimism. In recent years PZO has specialized in manufacturing a wide &hellip;<\/p>\n<p class=\"read-more\"> <a class=\"\" href=\"http:\/\/pzo.warszawa.pl\/en\/about-us\/\"> <span class=\"screen-reader-text\">About us<\/span> Read More &raquo;<\/a><\/p>\n","protected":false},"author":2,"featured_media":1072,"parent":0,"menu_order":0,"comment_status":"closed","ping_status":"closed","template":"","meta":{"inline_featured_image":false,"_uag_custom_page_level_css":"","site-sidebar-layout":"no-sidebar","site-content-layout":"page-builder","ast-global-header-display":"","ast-main-header-display":"","ast-hfb-above-header-display":"","ast-hfb-below-header-display":"","ast-hfb-mobile-header-display":"","site-post-title":"disabled","ast-breadcrumbs-content":"","ast-featured-img":"disabled","footer-sml-layout":"","theme-transparent-header-meta":"default","adv-header-id-meta":"","stick-header-meta":"","header-above-stick-meta":"","header-main-stick-meta":"","header-below-stick-meta":""},"acf":[],"uagb_featured_image_src":{"full":["http:\/\/pzo.warszawa.pl\/wp-content\/uploads\/2020\/11\/dan-cristian-padure-iEDbSqqxHyk-unsplash_optimized.jpg",1920,1280,false],"thumbnail":["http:\/\/pzo.warszawa.pl\/wp-content\/uploads\/2020\/11\/dan-cristian-padure-iEDbSqqxHyk-unsplash_optimized-320x320.jpg",320,320,true],"medium":["http:\/\/pzo.warszawa.pl\/wp-content\/uploads\/2020\/11\/dan-cristian-padure-iEDbSqqxHyk-unsplash_optimized-768x512.jpg",768,512,true],"medium_large":["http:\/\/pzo.warszawa.pl\/wp-content\/uploads\/2020\/11\/dan-cristian-padure-iEDbSqqxHyk-unsplash_optimized-768x512.jpg",768,512,true],"large":["http:\/\/pzo.warszawa.pl\/wp-content\/uploads\/2020\/11\/dan-cristian-padure-iEDbSqqxHyk-unsplash_optimized-1200x800.jpg",1200,800,true],"1536x1536":["http:\/\/pzo.warszawa.pl\/wp-content\/uploads\/2020\/11\/dan-cristian-padure-iEDbSqqxHyk-unsplash_optimized-1536x1024.jpg",1536,1024,true],"2048x2048":["http:\/\/pzo.warszawa.pl\/wp-content\/uploads\/2020\/11\/dan-cristian-padure-iEDbSqqxHyk-unsplash_optimized.jpg",1920,1280,false]},"uagb_author_info":{"display_name":"Tomasz P.","author_link":"http:\/\/pzo.warszawa.pl\/en\/author\/tompag\/"},"uagb_comment_info":0,"uagb_excerpt":"Briefly about PZO Ltd. In 2021, Polskie Zak\u0142ady Optyczne Ltd., as a continuator of the long PZO tradition, will celebrate 100 years of business. Thanks to many years of experience in manufacturing optical products of the highest quality, we look into the future with optimism. In recent years PZO has specialized in manufacturing a wide&hellip;","_links":{"self":[{"href":"http:\/\/pzo.warszawa.pl\/en\/wp-json\/wp\/v2\/pages\/2925"}],"collection":[{"href":"http:\/\/pzo.warszawa.pl\/en\/wp-json\/wp\/v2\/pages"}],"about":[{"href":"http:\/\/pzo.warszawa.pl\/en\/wp-json\/wp\/v2\/types\/page"}],"author":[{"embeddable":true,"href":"http:\/\/pzo.warszawa.pl\/en\/wp-json\/wp\/v2\/users\/2"}],"replies":[{"embeddable":true,"href":"http:\/\/pzo.warszawa.pl\/en\/wp-json\/wp\/v2\/comments?post=2925"}],"version-history":[{"count":0,"href":"http:\/\/pzo.warszawa.pl\/en\/wp-json\/wp\/v2\/pages\/2925\/revisions"}],"wp:featuredmedia":[{"embeddable":true,"href":"http:\/\/pzo.warszawa.pl\/en\/wp-json\/wp\/v2\/media\/1072"}],"wp:attachment":[{"href":"http:\/\/pzo.warszawa.pl\/en\/wp-json\/wp\/v2\/media?parent=2925"}],"curies":[{"name":"wp","href":"https:\/\/api.w.org\/{rel}","templated":true}]}}